{"id":379,"date":"2024-07-25T14:48:45","date_gmt":"2024-07-25T14:48:45","guid":{"rendered":"https:\/\/wellsec.biosilver47.com\/?page_id=379"},"modified":"2024-08-03T15:32:36","modified_gmt":"2024-08-03T15:32:36","slug":"hireink","status":"publish","type":"page","link":"https:\/\/wellsec.biosilver47.com\/de\/hireink\/","title":{"rendered":"Nachrichten"},"content":{"rendered":"<div data-elementor-type=\"wp-page\" data-elementor-id=\"379\" class=\"elementor elementor-379\" data-elementor-post-type=\"page\">\n\t\t\t\t<div class=\"elementor-element elementor-element-7735c2c e-flex e-con-boxed e-con e-parent\" data-id=\"7735c2c\" data-element_type=\"container\">\n\t\t\t\t\t<div class=\"e-con-inner\">\n\t\t\t\t<div class=\"elementor-element elementor-element-c76e405 elementor-widget elementor-widget-heading\" data-id=\"c76e405\" data-element_type=\"widget\" data-widget_type=\"heading.default\">\n\t\t\t\t<div class=\"elementor-widget-container\">\n\t\t\t<h1 class=\"elementor-heading-title elementor-size-default\">Nachrichten<\/h1>\t\t<\/div>\n\t\t\t\t<\/div>\n\t\t\t\t<div class=\"elementor-element elementor-element-b9a467b elementor-widget-divider--view-line elementor-widget elementor-widget-divider\" data-id=\"b9a467b\" data-element_type=\"widget\" data-widget_type=\"divider.default\">\n\t\t\t\t<div class=\"elementor-widget-container\">\n\t\t\t\t\t<div class=\"elementor-divider\">\n\t\t\t<span class=\"elementor-divider-separator\">\n\t\t\t\t\t\t<\/span>\n\t\t<\/div>\n\t\t\t\t<\/div>\n\t\t\t\t<\/div>\n\t\t\t\t<div class=\"elementor-element elementor-element-8bfba5a elementor-widget elementor-widget-heading\" data-id=\"8bfba5a\" data-element_type=\"widget\" data-widget_type=\"heading.default\">\n\t\t\t\t<div class=\"elementor-widget-container\">\n\t\t\t<span class=\"elementor-heading-title elementor-size-default\">Baul\u00f6sungen und Innovationen aus erster Hand<\/span>\t\t<\/div>\n\t\t\t\t<\/div>\n\t\t\t\t\t<\/div>\n\t\t\t\t<\/div>\n\t\t<div class=\"elementor-element elementor-element-4c56dc9 e-flex e-con-boxed e-con e-child\" data-id=\"4c56dc9\" data-element_type=\"container\">\n\t\t\t\t\t<div class=\"e-con-inner\">\n\t\t\t\t<div class=\"elementor-element elementor-element-5d459da elementor-grid-3 elementor-grid-tablet-2 elementor-grid-mobile-1 elementor-widget elementor-widget-loop-grid\" data-id=\"5d459da\" data-element_type=\"widget\" data-settings=\"{&quot;template_id&quot;:&quot;717&quot;,&quot;row_gap&quot;:{&quot;unit&quot;:&quot;px&quot;,&quot;size&quot;:20,&quot;sizes&quot;:[]},&quot;_skin&quot;:&quot;post&quot;,&quot;columns&quot;:&quot;3&quot;,&quot;columns_tablet&quot;:&quot;2&quot;,&quot;columns_mobile&quot;:&quot;1&quot;,&quot;edit_handle_selector&quot;:&quot;[data-elementor-type=\\&quot;loop-item\\&quot;]&quot;,&quot;row_gap_tablet&quot;:{&quot;unit&quot;:&quot;px&quot;,&quot;size&quot;:&quot;&quot;,&quot;sizes&quot;:[]},&quot;row_gap_mobile&quot;:{&quot;unit&quot;:&quot;px&quot;,&quot;size&quot;:&quot;&quot;,&quot;sizes&quot;:[]}}\" data-widget_type=\"loop-grid.post\">\n\t\t\t\t<div class=\"elementor-widget-container\">\n\t\t\t\t\t<div class=\"elementor-loop-container elementor-grid\">\n\t\t<style id=\"loop-717\">.elementor-717 .elementor-element.elementor-element-66d988c{--display:flex;--gap:0px 0px;--background-transition:0.3s;--padding-top:0px;--padding-bottom:0px;--padding-left:0px;--padding-right:0px;}.elementor-717 .elementor-element.elementor-element-66d988c, .elementor-717 .elementor-element.elementor-element-66d988c::before{--border-transition:0.3s;}.elementor-717 .elementor-element.elementor-element-c9c9062{--display:flex;--background-transition:0.3s;--padding-top:0px;--padding-bottom:0px;--padding-left:0px;--padding-right:0px;}.elementor-717 .elementor-element.elementor-element-c9c9062, .elementor-717 .elementor-element.elementor-element-c9c9062::before{--border-transition:0.3s;}.elementor-717 .elementor-element.elementor-element-04726bf{--display:flex;--background-transition:0.3s;--padding-top:30px;--padding-bottom:30px;--padding-left:30px;--padding-right:30px;}.elementor-717 .elementor-element.elementor-element-04726bf:not(.elementor-motion-effects-element-type-background), .elementor-717 .elementor-element.elementor-element-04726bf > .elementor-motion-effects-container > .elementor-motion-effects-layer{background-color:#2C2925;}.elementor-717 .elementor-element.elementor-element-04726bf, .elementor-717 .elementor-element.elementor-element-04726bf::before{--border-transition:0.3s;}.elementor-717 .elementor-element.elementor-element-0f7b311 .elementor-heading-title{color:var( --e-global-color-primary );}.elementor-717 .elementor-element.elementor-element-e0b9604 .elementor-heading-title{color:var( --e-global-color-primary );font-family:\"Play\", Sans-serif;font-size:12px;font-weight:600;}.elementor-717 .elementor-element.elementor-element-8e1ca46{text-align:left;}.elementor-717 .elementor-element.elementor-element-8e1ca46 img{width:10%;}.elementor-717 .elementor-element.elementor-element-28d3665{--divider-border-style:solid;--divider-color:#524D48;--divider-border-width:2px;}.elementor-717 .elementor-element.elementor-element-28d3665 > .elementor-widget-container{padding:5px 0px 0px 0px;}.elementor-717 .elementor-element.elementor-element-28d3665 .elementor-divider-separator{width:100%;}.elementor-717 .elementor-element.elementor-element-28d3665 .elementor-divider{padding-block-start:0px;padding-block-end:0px;}.elementor-717 .elementor-element.elementor-element-2c67305 .elementor-button{background-color:var( --e-global-color-accent );font-family:\"Play\", Sans-serif;font-weight:600;fill:var( --e-global-color-primary );color:var( --e-global-color-primary );border-radius:0px 0px 0px 0px;}.elementor-717 .elementor-element.elementor-element-2c67305 .elementor-button:hover, .elementor-717 .elementor-element.elementor-element-2c67305 .elementor-button:focus{background-color:var( --e-global-color-primary );color:var( --e-global-color-accent );}.elementor-717 .elementor-element.elementor-element-2c67305 .elementor-button-content-wrapper{flex-direction:row-reverse;}.elementor-717 .elementor-element.elementor-element-2c67305 .elementor-button:hover svg, .elementor-717 .elementor-element.elementor-element-2c67305 .elementor-button:focus svg{fill:var( --e-global-color-accent );}<\/style>\t\t<div data-elementor-type=\"loop-item\" data-elementor-id=\"717\" class=\"elementor elementor-717 e-loop-item e-loop-item-1075 post-1075 post type-post status-publish format-standard has-post-thumbnail hentry category-munkavallaloknak\" data-elementor-post-type=\"elementor_library\" data-custom-edit-handle=\"1\">\n\t\t\t<div class=\"elementor-element elementor-element-66d988c e-con-full e-flex e-con e-child\" data-id=\"66d988c\" data-element_type=\"container\" data-settings=\"{&quot;background_background&quot;:&quot;classic&quot;}\">\n\t\t<div class=\"elementor-element elementor-element-c9c9062 e-con-full e-flex e-con e-child\" data-id=\"c9c9062\" data-element_type=\"container\" data-settings=\"{&quot;background_background&quot;:&quot;classic&quot;}\">\n\t\t\t\t<div class=\"elementor-element elementor-element-2628180 elementor-widget elementor-widget-image\" data-id=\"2628180\" data-element_type=\"widget\" data-widget_type=\"image.default\">\n\t\t\t\t<div class=\"elementor-widget-container\">\n\t\t\t\t\t\t\t\t\t\t\t\t\t<img fetchpriority=\"high\" decoding=\"async\" width=\"768\" height=\"432\" src=\"https:\/\/wellsec.biosilver47.com\/wp-content\/uploads\/2024\/09\/4-768x432.jpeg\" class=\"attachment-medium_large size-medium_large wp-image-1080\" alt=\"\" srcset=\"https:\/\/wellsec.biosilver47.com\/wp-content\/uploads\/2024\/09\/4-768x432.jpeg 768w, https:\/\/wellsec.biosilver47.com\/wp-content\/uploads\/2024\/09\/4-300x169.jpeg 300w, https:\/\/wellsec.biosilver47.com\/wp-content\/uploads\/2024\/09\/4-1024x576.jpeg 1024w, https:\/\/wellsec.biosilver47.com\/wp-content\/uploads\/2024\/09\/4-1536x864.jpeg 1536w, https:\/\/wellsec.biosilver47.com\/wp-content\/uploads\/2024\/09\/4-18x10.jpeg 18w, https:\/\/wellsec.biosilver47.com\/wp-content\/uploads\/2024\/09\/4.jpeg 1920w\" sizes=\"(max-width: 768px) 100vw, 768px\" \/>\t\t\t\t\t\t\t\t\t\t\t\t\t<\/div>\n\t\t\t\t<\/div>\n\t\t\t\t<\/div>\n\t\t<div class=\"elementor-element elementor-element-04726bf e-con-full e-flex e-con e-child\" data-id=\"04726bf\" data-element_type=\"container\" data-settings=\"{&quot;background_background&quot;:&quot;classic&quot;}\">\n\t\t\t\t<div class=\"elementor-element elementor-element-0f7b311 elementor-widget elementor-widget-heading\" data-id=\"0f7b311\" data-element_type=\"widget\" data-widget_type=\"heading.default\">\n\t\t\t\t<div class=\"elementor-widget-container\">\n\t\t\t<h5 class=\"elementor-heading-title elementor-size-default\"><a href=\"https:\/\/wellsec.biosilver47.com\/de\/ne-hagyd-a-nemet-allamnal-az-ajandekpenzt-miert-erdemes-benyujtani-a-nemet-adobevallast\/\">Warum eine deutsche Steuererkl\u00e4rung abgeben?<\/a><\/h5>\t\t<\/div>\n\t\t\t\t<\/div>\n\t\t\t\t<div class=\"elementor-element elementor-element-e0b9604 elementor-widget elementor-widget-heading\" data-id=\"e0b9604\" data-element_type=\"widget\" data-widget_type=\"heading.default\">\n\t\t\t\t<div class=\"elementor-widget-container\">\n\t\t\t<h6 class=\"elementor-heading-title elementor-size-default\"><span>F\u00fcr Arbeitnehmer<\/span><\/h6>\t\t<\/div>\n\t\t\t\t<\/div>\n\t\t\t\t<div class=\"elementor-element elementor-element-8e1ca46 elementor-widget elementor-widget-image\" data-id=\"8e1ca46\" data-element_type=\"widget\" data-widget_type=\"image.default\">\n\t\t\t\t<div class=\"elementor-widget-container\">\n\t\t\t\t\t\t\t\t\t\t\t\t\t<img decoding=\"async\" width=\"800\" height=\"480\" src=\"https:\/\/wellsec.biosilver47.com\/wp-content\/uploads\/2024\/08\/zaszlo-nemet.jpg-1024x614.webp\" class=\"attachment-large size-large wp-image-882\" alt=\"\" srcset=\"https:\/\/wellsec.biosilver47.com\/wp-content\/uploads\/2024\/08\/zaszlo-nemet.jpg-1024x614.webp 1024w, https:\/\/wellsec.biosilver47.com\/wp-content\/uploads\/2024\/08\/zaszlo-nemet.jpg-300x180.webp 300w, https:\/\/wellsec.biosilver47.com\/wp-content\/uploads\/2024\/08\/zaszlo-nemet.jpg-768x460.webp 768w, https:\/\/wellsec.biosilver47.com\/wp-content\/uploads\/2024\/08\/zaszlo-nemet.jpg-1536x921.webp 1536w, https:\/\/wellsec.biosilver47.com\/wp-content\/uploads\/2024\/08\/zaszlo-nemet.jpg.webp 1600w\" sizes=\"(max-width: 800px) 100vw, 800px\" \/>\t\t\t\t\t\t\t\t\t\t\t\t\t<\/div>\n\t\t\t\t<\/div>\n\t\t\t\t<div class=\"elementor-element elementor-element-28d3665 elementor-widget-divider--view-line elementor-widget elementor-widget-divider\" data-id=\"28d3665\" data-element_type=\"widget\" data-widget_type=\"divider.default\">\n\t\t\t\t<div class=\"elementor-widget-container\">\n\t\t\t\t\t<div class=\"elementor-divider\">\n\t\t\t<span class=\"elementor-divider-separator\">\n\t\t\t\t\t\t<\/span>\n\t\t<\/div>\n\t\t\t\t<\/div>\n\t\t\t\t<\/div>\n\t\t\t\t<div class=\"elementor-element elementor-element-2c67305 elementor-widget elementor-widget-button\" data-id=\"2c67305\" data-element_type=\"widget\" data-widget_type=\"button.default\">\n\t\t\t\t<div class=\"elementor-widget-container\">\n\t\t\t\t\t<div class=\"elementor-button-wrapper\">\n\t\t\t<a class=\"elementor-button elementor-button-link elementor-size-sm\" href=\"https:\/\/wellsec.biosilver47.com\/de\/ne-hagyd-a-nemet-allamnal-az-ajandekpenzt-miert-erdemes-benyujtani-a-nemet-adobevallast\/\">\n\t\t\t\t\t\t<span class=\"elementor-button-content-wrapper\">\n\t\t\t\t\t\t<span class=\"elementor-button-icon\">\n\t\t\t\t<svg aria-hidden=\"true\" class=\"e-font-icon-svg e-fas-chevron-right\" viewbox=\"0 0 320 512\" xmlns=\"http:\/\/www.w3.org\/2000\/svg\"><path d=\"M285.476 272.971L91.132 467.314c-9.373 9.373-24.569 9.373-33.941 0l-22.667-22.667c-9.357-9.357-9.375-24.522-.04-33.901L188.505 256 34.484 101.255c-9.335-9.379-9.317-24.544.04-33.901l22.667-22.667c9.373-9.373 24.569-9.373 33.941 0L285.475 239.03c9.373 9.372 9.373 24.568.001 33.941z\"><\/path><\/svg>\t\t\t<\/span>\n\t\t\t\t\t\t\t\t\t<span class=\"elementor-button-text\">Weiter lesen<\/span>\n\t\t\t\t\t<\/span>\n\t\t\t\t\t<\/a>\n\t\t<\/div>\n\t\t\t\t<\/div>\n\t\t\t\t<\/div>\n\t\t\t\t<\/div>\n\t\t\t\t<\/div>\n\t\t\t\t<\/div>\n\t\t\t\t<div data-elementor-type=\"loop-item\" data-elementor-id=\"717\" class=\"elementor elementor-717 e-loop-item e-loop-item-1071 post-1071 post type-post status-publish format-standard has-post-thumbnail hentry category-munkavallaloknak\" data-elementor-post-type=\"elementor_library\" data-custom-edit-handle=\"1\">\n\t\t\t<div class=\"elementor-element elementor-element-66d988c e-con-full e-flex e-con e-child\" data-id=\"66d988c\" data-element_type=\"container\" data-settings=\"{&quot;background_background&quot;:&quot;classic&quot;}\">\n\t\t<div class=\"elementor-element elementor-element-c9c9062 e-con-full e-flex e-con e-child\" data-id=\"c9c9062\" data-element_type=\"container\" data-settings=\"{&quot;background_background&quot;:&quot;classic&quot;}\">\n\t\t\t\t<div class=\"elementor-element elementor-element-2628180 elementor-widget elementor-widget-image\" data-id=\"2628180\" data-element_type=\"widget\" data-widget_type=\"image.default\">\n\t\t\t\t<div class=\"elementor-widget-container\">\n\t\t\t\t\t\t\t\t\t\t\t\t\t<img decoding=\"async\" width=\"768\" height=\"432\" src=\"https:\/\/wellsec.biosilver47.com\/wp-content\/uploads\/2024\/09\/1-768x432.jpeg\" class=\"attachment-medium_large size-medium_large wp-image-1077\" alt=\"\" srcset=\"https:\/\/wellsec.biosilver47.com\/wp-content\/uploads\/2024\/09\/1-768x432.jpeg 768w, https:\/\/wellsec.biosilver47.com\/wp-content\/uploads\/2024\/09\/1-300x169.jpeg 300w, https:\/\/wellsec.biosilver47.com\/wp-content\/uploads\/2024\/09\/1-1024x576.jpeg 1024w, https:\/\/wellsec.biosilver47.com\/wp-content\/uploads\/2024\/09\/1-1536x864.jpeg 1536w, https:\/\/wellsec.biosilver47.com\/wp-content\/uploads\/2024\/09\/1-18x10.jpeg 18w, https:\/\/wellsec.biosilver47.com\/wp-content\/uploads\/2024\/09\/1.jpeg 1920w\" sizes=\"(max-width: 768px) 100vw, 768px\" \/>\t\t\t\t\t\t\t\t\t\t\t\t\t<\/div>\n\t\t\t\t<\/div>\n\t\t\t\t<\/div>\n\t\t<div class=\"elementor-element elementor-element-04726bf e-con-full e-flex e-con e-child\" data-id=\"04726bf\" data-element_type=\"container\" data-settings=\"{&quot;background_background&quot;:&quot;classic&quot;}\">\n\t\t\t\t<div class=\"elementor-element elementor-element-0f7b311 elementor-widget elementor-widget-heading\" data-id=\"0f7b311\" data-element_type=\"widget\" data-widget_type=\"heading.default\">\n\t\t\t\t<div class=\"elementor-widget-container\">\n\t\t\t<h5 class=\"elementor-heading-title elementor-size-default\"><a href=\"https:\/\/wellsec.biosilver47.com\/de\/nemetorszagi-munkavallalas-nemet-nyugdij\/\">Arbeiten in Deutschland = deutsche Rente?<\/a><\/h5>\t\t<\/div>\n\t\t\t\t<\/div>\n\t\t\t\t<div class=\"elementor-element elementor-element-e0b9604 elementor-widget elementor-widget-heading\" data-id=\"e0b9604\" data-element_type=\"widget\" data-widget_type=\"heading.default\">\n\t\t\t\t<div class=\"elementor-widget-container\">\n\t\t\t<h6 class=\"elementor-heading-title elementor-size-default\"><span>F\u00fcr Arbeitnehmer<\/span><\/h6>\t\t<\/div>\n\t\t\t\t<\/div>\n\t\t\t\t<div class=\"elementor-element elementor-element-8e1ca46 elementor-widget elementor-widget-image\" data-id=\"8e1ca46\" data-element_type=\"widget\" data-widget_type=\"image.default\">\n\t\t\t\t<div class=\"elementor-widget-container\">\n\t\t\t\t\t\t\t\t\t\t\t\t\t<img decoding=\"async\" width=\"800\" height=\"480\" src=\"https:\/\/wellsec.biosilver47.com\/wp-content\/uploads\/2024\/08\/zaszlo-nemet.jpg-1024x614.webp\" class=\"attachment-large size-large wp-image-882\" alt=\"\" srcset=\"https:\/\/wellsec.biosilver47.com\/wp-content\/uploads\/2024\/08\/zaszlo-nemet.jpg-1024x614.webp 1024w, https:\/\/wellsec.biosilver47.com\/wp-content\/uploads\/2024\/08\/zaszlo-nemet.jpg-300x180.webp 300w, https:\/\/wellsec.biosilver47.com\/wp-content\/uploads\/2024\/08\/zaszlo-nemet.jpg-768x460.webp 768w, https:\/\/wellsec.biosilver47.com\/wp-content\/uploads\/2024\/08\/zaszlo-nemet.jpg-1536x921.webp 1536w, https:\/\/wellsec.biosilver47.com\/wp-content\/uploads\/2024\/08\/zaszlo-nemet.jpg.webp 1600w\" sizes=\"(max-width: 800px) 100vw, 800px\" \/>\t\t\t\t\t\t\t\t\t\t\t\t\t<\/div>\n\t\t\t\t<\/div>\n\t\t\t\t<div class=\"elementor-element elementor-element-28d3665 elementor-widget-divider--view-line elementor-widget elementor-widget-divider\" data-id=\"28d3665\" data-element_type=\"widget\" data-widget_type=\"divider.default\">\n\t\t\t\t<div class=\"elementor-widget-container\">\n\t\t\t\t\t<div class=\"elementor-divider\">\n\t\t\t<span class=\"elementor-divider-separator\">\n\t\t\t\t\t\t<\/span>\n\t\t<\/div>\n\t\t\t\t<\/div>\n\t\t\t\t<\/div>\n\t\t\t\t<div class=\"elementor-element elementor-element-2c67305 elementor-widget elementor-widget-button\" data-id=\"2c67305\" data-element_type=\"widget\" data-widget_type=\"button.default\">\n\t\t\t\t<div class=\"elementor-widget-container\">\n\t\t\t\t\t<div class=\"elementor-button-wrapper\">\n\t\t\t<a class=\"elementor-button elementor-button-link elementor-size-sm\" href=\"https:\/\/wellsec.biosilver47.com\/de\/nemetorszagi-munkavallalas-nemet-nyugdij\/\">\n\t\t\t\t\t\t<span class=\"elementor-button-content-wrapper\">\n\t\t\t\t\t\t<span class=\"elementor-button-icon\">\n\t\t\t\t<svg aria-hidden=\"true\" class=\"e-font-icon-svg e-fas-chevron-right\" viewbox=\"0 0 320 512\" xmlns=\"http:\/\/www.w3.org\/2000\/svg\"><path d=\"M285.476 272.971L91.132 467.314c-9.373 9.373-24.569 9.373-33.941 0l-22.667-22.667c-9.357-9.357-9.375-24.522-.04-33.901L188.505 256 34.484 101.255c-9.335-9.379-9.317-24.544.04-33.901l22.667-22.667c9.373-9.373 24.569-9.373 33.941 0L285.475 239.03c9.373 9.372 9.373 24.568.001 33.941z\"><\/path><\/svg>\t\t\t<\/span>\n\t\t\t\t\t\t\t\t\t<span class=\"elementor-button-text\">Weiter lesen<\/span>\n\t\t\t\t\t<\/span>\n\t\t\t\t\t<\/a>\n\t\t<\/div>\n\t\t\t\t<\/div>\n\t\t\t\t<\/div>\n\t\t\t\t<\/div>\n\t\t\t\t<\/div>\n\t\t\t\t<\/div>\n\t\t\t\t<div data-elementor-type=\"loop-item\" data-elementor-id=\"717\" class=\"elementor elementor-717 e-loop-item e-loop-item-1072 post-1072 post type-post status-publish format-standard has-post-thumbnail hentry category-munkavallaloknak\" data-elementor-post-type=\"elementor_library\" data-custom-edit-handle=\"1\">\n\t\t\t<div class=\"elementor-element elementor-element-66d988c e-con-full e-flex e-con e-child\" data-id=\"66d988c\" data-element_type=\"container\" data-settings=\"{&quot;background_background&quot;:&quot;classic&quot;}\">\n\t\t<div class=\"elementor-element elementor-element-c9c9062 e-con-full e-flex e-con e-child\" data-id=\"c9c9062\" data-element_type=\"container\" data-settings=\"{&quot;background_background&quot;:&quot;classic&quot;}\">\n\t\t\t\t<div class=\"elementor-element elementor-element-2628180 elementor-widget elementor-widget-image\" data-id=\"2628180\" data-element_type=\"widget\" data-widget_type=\"image.default\">\n\t\t\t\t<div class=\"elementor-widget-container\">\n\t\t\t\t\t\t\t\t\t\t\t\t\t<img loading=\"lazy\" decoding=\"async\" width=\"768\" height=\"432\" src=\"https:\/\/wellsec.biosilver47.com\/wp-content\/uploads\/2024\/09\/6-768x432.jpeg\" class=\"attachment-medium_large size-medium_large wp-image-1078\" alt=\"\" srcset=\"https:\/\/wellsec.biosilver47.com\/wp-content\/uploads\/2024\/09\/6-768x432.jpeg 768w, https:\/\/wellsec.biosilver47.com\/wp-content\/uploads\/2024\/09\/6-300x169.jpeg 300w, https:\/\/wellsec.biosilver47.com\/wp-content\/uploads\/2024\/09\/6-1024x576.jpeg 1024w, https:\/\/wellsec.biosilver47.com\/wp-content\/uploads\/2024\/09\/6-1536x864.jpeg 1536w, https:\/\/wellsec.biosilver47.com\/wp-content\/uploads\/2024\/09\/6-18x10.jpeg 18w, https:\/\/wellsec.biosilver47.com\/wp-content\/uploads\/2024\/09\/6.jpeg 1920w\" sizes=\"(max-width: 768px) 100vw, 768px\" \/>\t\t\t\t\t\t\t\t\t\t\t\t\t<\/div>\n\t\t\t\t<\/div>\n\t\t\t\t<\/div>\n\t\t<div class=\"elementor-element elementor-element-04726bf e-con-full e-flex e-con e-child\" data-id=\"04726bf\" data-element_type=\"container\" data-settings=\"{&quot;background_background&quot;:&quot;classic&quot;}\">\n\t\t\t\t<div class=\"elementor-element elementor-element-0f7b311 elementor-widget elementor-widget-heading\" data-id=\"0f7b311\" data-element_type=\"widget\" data-widget_type=\"heading.default\">\n\t\t\t\t<div class=\"elementor-widget-container\">\n\t\t\t<h5 class=\"elementor-heading-title elementor-size-default\"><a href=\"https:\/\/wellsec.biosilver47.com\/de\/a-nemet-adovisszaterites-menete\/\">Deutsches Steuererstattungs-verfahren<\/a><\/h5>\t\t<\/div>\n\t\t\t\t<\/div>\n\t\t\t\t<div class=\"elementor-element elementor-element-e0b9604 elementor-widget elementor-widget-heading\" data-id=\"e0b9604\" data-element_type=\"widget\" data-widget_type=\"heading.default\">\n\t\t\t\t<div class=\"elementor-widget-container\">\n\t\t\t<h6 class=\"elementor-heading-title elementor-size-default\"><span>F\u00fcr Arbeitnehmer<\/span><\/h6>\t\t<\/div>\n\t\t\t\t<\/div>\n\t\t\t\t<div class=\"elementor-element elementor-element-8e1ca46 elementor-widget elementor-widget-image\" data-id=\"8e1ca46\" data-element_type=\"widget\" data-widget_type=\"image.default\">\n\t\t\t\t<div class=\"elementor-widget-container\">\n\t\t\t\t\t\t\t\t\t\t\t\t\t<img decoding=\"async\" width=\"800\" height=\"480\" src=\"https:\/\/wellsec.biosilver47.com\/wp-content\/uploads\/2024\/08\/zaszlo-nemet.jpg-1024x614.webp\" class=\"attachment-large size-large wp-image-882\" alt=\"\" srcset=\"https:\/\/wellsec.biosilver47.com\/wp-content\/uploads\/2024\/08\/zaszlo-nemet.jpg-1024x614.webp 1024w, https:\/\/wellsec.biosilver47.com\/wp-content\/uploads\/2024\/08\/zaszlo-nemet.jpg-300x180.webp 300w, https:\/\/wellsec.biosilver47.com\/wp-content\/uploads\/2024\/08\/zaszlo-nemet.jpg-768x460.webp 768w, https:\/\/wellsec.biosilver47.com\/wp-content\/uploads\/2024\/08\/zaszlo-nemet.jpg-1536x921.webp 1536w, https:\/\/wellsec.biosilver47.com\/wp-content\/uploads\/2024\/08\/zaszlo-nemet.jpg.webp 1600w\" sizes=\"(max-width: 800px) 100vw, 800px\" \/>\t\t\t\t\t\t\t\t\t\t\t\t\t<\/div>\n\t\t\t\t<\/div>\n\t\t\t\t<div class=\"elementor-element elementor-element-28d3665 elementor-widget-divider--view-line elementor-widget elementor-widget-divider\" data-id=\"28d3665\" data-element_type=\"widget\" data-widget_type=\"divider.default\">\n\t\t\t\t<div class=\"elementor-widget-container\">\n\t\t\t\t\t<div class=\"elementor-divider\">\n\t\t\t<span class=\"elementor-divider-separator\">\n\t\t\t\t\t\t<\/span>\n\t\t<\/div>\n\t\t\t\t<\/div>\n\t\t\t\t<\/div>\n\t\t\t\t<div class=\"elementor-element elementor-element-2c67305 elementor-widget elementor-widget-button\" data-id=\"2c67305\" data-element_type=\"widget\" data-widget_type=\"button.default\">\n\t\t\t\t<div class=\"elementor-widget-container\">\n\t\t\t\t\t<div class=\"elementor-button-wrapper\">\n\t\t\t<a class=\"elementor-button elementor-button-link elementor-size-sm\" href=\"https:\/\/wellsec.biosilver47.com\/de\/a-nemet-adovisszaterites-menete\/\">\n\t\t\t\t\t\t<span class=\"elementor-button-content-wrapper\">\n\t\t\t\t\t\t<span class=\"elementor-button-icon\">\n\t\t\t\t<svg aria-hidden=\"true\" class=\"e-font-icon-svg e-fas-chevron-right\" viewbox=\"0 0 320 512\" xmlns=\"http:\/\/www.w3.org\/2000\/svg\"><path d=\"M285.476 272.971L91.132 467.314c-9.373 9.373-24.569 9.373-33.941 0l-22.667-22.667c-9.357-9.357-9.375-24.522-.04-33.901L188.505 256 34.484 101.255c-9.335-9.379-9.317-24.544.04-33.901l22.667-22.667c9.373-9.373 24.569-9.373 33.941 0L285.475 239.03c9.373 9.372 9.373 24.568.001 33.941z\"><\/path><\/svg>\t\t\t<\/span>\n\t\t\t\t\t\t\t\t\t<span class=\"elementor-button-text\">Weiter lesen<\/span>\n\t\t\t\t\t<\/span>\n\t\t\t\t\t<\/a>\n\t\t<\/div>\n\t\t\t\t<\/div>\n\t\t\t\t<\/div>\n\t\t\t\t<\/div>\n\t\t\t\t<\/div>\n\t\t\t\t<\/div>\n\t\t\t\t<\/div>\n\t\t\n\t\t\t\t<\/div>\n\t\t\t\t<\/div>\n\t\t\t\t\t<\/div>\n\t\t\t\t<\/div>\n\t\t\t\t<\/div>","protected":false},"excerpt":{"rendered":"<p>H\u00edreink \u00c9p\u00edt\u0151ipari megold\u00e1sok \u00e9s innov\u00e1ci\u00f3k els\u0151 k\u00e9zb\u0151l<\/p>","protected":false},"author":1,"featured_media":0,"parent":0,"menu_order":0,"comment_status":"closed","ping_status":"closed","template":"","meta":{"footnotes":""},"class_list":["post-379","page","type-page","status-publish","hentry"],"_links":{"self":[{"href":"https:\/\/wellsec.biosilver47.com\/de\/wp-json\/wp\/v2\/pages\/379","targetHints":{"allow":["GET"]}}],"collection":[{"href":"https:\/\/wellsec.biosilver47.com\/de\/wp-json\/wp\/v2\/pages"}],"about":[{"href":"https:\/\/wellsec.biosilver47.com\/de\/wp-json\/wp\/v2\/types\/page"}],"author":[{"embeddable":true,"href":"https:\/\/wellsec.biosilver47.com\/de\/wp-json\/wp\/v2\/users\/1"}],"replies":[{"embeddable":true,"href":"https:\/\/wellsec.biosilver47.com\/de\/wp-json\/wp\/v2\/comments?post=379"}],"version-history":[{"count":16,"href":"https:\/\/wellsec.biosilver47.com\/de\/wp-json\/wp\/v2\/pages\/379\/revisions"}],"predecessor-version":[{"id":799,"href":"https:\/\/wellsec.biosilver47.com\/de\/wp-json\/wp\/v2\/pages\/379\/revisions\/799"}],"wp:attachment":[{"href":"https:\/\/wellsec.biosilver47.com\/de\/wp-json\/wp\/v2\/media?parent=379"}],"curies":[{"name":"wp","href":"https:\/\/api.w.org\/{rel}","templated":true}]}}